{"id":7227,"date":"2025-06-27T17:24:40","date_gmt":"2025-06-27T15:24:40","guid":{"rendered":"https:\/\/sukanya.spa\/?page_id=7227"},"modified":"2025-07-31T21:54:04","modified_gmt":"2025-07-31T19:54:04","slug":"aloe-vera-massage-munich","status":"publish","type":"page","link":"https:\/\/sukanya.spa\/en\/aloe-vera-massage-munich\/","title":{"rendered":"Aloe Vera Massage Munich | Summer massage for sunburn &#8211; Sukanya Thai Massage und Fu\u00dfpflege"},"content":{"rendered":"\t\t<div data-elementor-type=\"wp-page\" data-elementor-id=\"7227\" class=\"elementor elementor-7227 elementor-7219\" data-elementor-post-type=\"page\">\n\t\t\t\t<div class=\"elementor-element elementor-element-424278a e-flex e-con-boxed e-con e-parent\" data-id=\"424278a\" data-element_type=\"container\" data-e-type=\"container\">\n\t\t\t\t\t<div class=\"e-con-inner\">\n\t\t\t\t<div class=\"elementor-element elementor-element-b49562d elementor-widget elementor-widget-spacer\" data-id=\"b49562d\" data-element_type=\"widget\" data-e-type=\"widget\" data-widget_type=\"spacer.default\">\n\t\t\t\t<div class=\"elementor-widget-container\">\n\t\t\t\t\t\t\t<div class=\"elementor-spacer\">\n\t\t\t<div class=\"elementor-spacer-inner\"><\/div>\n\t\t<\/div>\n\t\t\t\t\t\t<\/div>\n\t\t\t\t<\/div>\n\t\t\t\t<div class=\"elementor-element elementor-element-b397888 elementor-widget elementor-widget-heading\" data-id=\"b397888\" data-element_type=\"widget\" data-e-type=\"widget\" data-widget_type=\"heading.default\">\n\t\t\t\t<div class=\"elementor-widget-container\">\n\t\t\t\t\t<h1 class=\"elementor-heading-title elementor-size-default\">Aloe vera massage in Munich - summer care for skin and senses<\/h1>\t\t\t\t<\/div>\n\t\t\t\t<\/div>\n\t\t\t\t\t<\/div>\n\t\t\t\t<\/div>\n\t\t<div class=\"elementor-element elementor-element-daab223 e-flex e-con-boxed e-con e-parent\" data-id=\"daab223\" data-element_type=\"container\" data-e-type=\"container\">\n\t\t\t\t\t<div class=\"e-con-inner\">\n\t\t\t\t<div class=\"elementor-element elementor-element-47c2963 elementor-widget-laptop__width-initial elementor-widget elementor-widget-text-editor\" data-id=\"47c2963\" data-element_type=\"widget\" data-e-type=\"widget\" data-widget_type=\"text-editor.default\">\n\t\t\t\t<div class=\"elementor-widget-container\">\n\t\t\t\t\t\t\t\t\t<p>Experience the new aloe vera massage at Sukanya Thai Massage and Foot Care in Munich &#8211; ideal for regenerating sun-stressed skin. The treatment intensively moisturises, pleasantly cools and relaxes body and mind. <\/p>\t\t\t\t\t\t\t\t<\/div>\n\t\t\t\t<\/div>\n\t\t\t\t<div class=\"elementor-element elementor-element-9df6ffc elementor-widget elementor-widget-spacer\" data-id=\"9df6ffc\" data-element_type=\"widget\" data-e-type=\"widget\" data-widget_type=\"spacer.default\">\n\t\t\t\t<div class=\"elementor-widget-container\">\n\t\t\t\t\t\t\t<div class=\"elementor-spacer\">\n\t\t\t<div class=\"elementor-spacer-inner\"><\/div>\n\t\t<\/div>\n\t\t\t\t\t\t<\/div>\n\t\t\t\t<\/div>\n\t\t\t\t\t<\/div>\n\t\t\t\t<\/div>\n\t\t<div class=\"elementor-element elementor-element-ff9c7f1 e-grid e-con-boxed e-con e-parent\" data-id=\"ff9c7f1\" data-element_type=\"container\" data-e-type=\"container\">\n\t\t\t\t\t<div class=\"e-con-inner\">\n\t\t\t\t<div class=\"elementor-element elementor-element-f7f4d79 elementor-widget elementor-widget-image\" data-id=\"f7f4d79\" data-element_type=\"widget\" data-e-type=\"widget\" data-widget_type=\"image.default\">\n\t\t\t\t<div class=\"elementor-widget-container\">\n\t\t\t\t\t\t\t\t\t\t\t\t<figure class=\"wp-caption\">\n\t\t\t\t\t\t\t\t\t\t\t<a href=\"http:\/\/www.freepik.com\" target=\"_blank\" rel=\"noopener\">\n\t\t\t\t\t\t\t<img fetchpriority=\"high\" decoding=\"async\" width=\"1024\" height=\"683\" src=\"https:\/\/sukanya.spa\/wp-content\/uploads\/2025\/06\/aloe-vera-massage-muenchen-sukanya-1024x683.avif\" class=\"attachment-large size-large wp-image-7223\" alt=\"Frau entspannt bei einer Aloe Vera Massage mit frischem Aloe Vera Gel in M\u00fcnchen\" srcset=\"https:\/\/sukanya.spa\/wp-content\/uploads\/2025\/06\/aloe-vera-massage-muenchen-sukanya-1024x683.avif 1024w, https:\/\/sukanya.spa\/wp-content\/uploads\/2025\/06\/aloe-vera-massage-muenchen-sukanya-300x200.avif 300w, https:\/\/sukanya.spa\/wp-content\/uploads\/2025\/06\/aloe-vera-massage-muenchen-sukanya-768x512.avif 768w, https:\/\/sukanya.spa\/wp-content\/uploads\/2025\/06\/aloe-vera-massage-muenchen-sukanya-1536x1024.avif 1536w, https:\/\/sukanya.spa\/wp-content\/uploads\/2025\/06\/aloe-vera-massage-muenchen-sukanya-600x400.avif 600w, https:\/\/sukanya.spa\/wp-content\/uploads\/2025\/06\/aloe-vera-massage-muenchen-sukanya.avif 1620w\" sizes=\"(max-width: 1024px) 100vw, 1024px\" \/>\t\t\t\t\t\t\t\t<\/a>\n\t\t\t\t\t\t\t\t\t\t\t<figcaption class=\"widget-image-caption wp-caption-text\">Designed by www.freepik.com<\/figcaption>\n\t\t\t\t\t\t\t\t\t\t<\/figure>\n\t\t\t\t\t\t\t\t\t<\/div>\n\t\t\t\t<\/div>\n\t\t\t\t<div class=\"elementor-element elementor-element-79a574e elementor-widget elementor-widget-text-editor\" data-id=\"79a574e\" data-element_type=\"widget\" data-e-type=\"widget\" data-widget_type=\"text-editor.default\">\n\t\t\t\t<div class=\"elementor-widget-container\">\n\t\t\t\t\t\t\t\t\t<h2>What is the aloe vera massage?<\/h2><div><p data-start=\"533\" data-end=\"770\">The aloe vera massage is a gentle full-body massage that uses cooling aloe vera gel. It was specially developed for the needs of the skin after intensive sun exposure. <\/p><p data-start=\"772\" data-end=\"976\">The aloe vera gel has an anti-inflammatory effect, provides intensive moisturisation and supports natural skin regeneration. At the same time, the massage strokes promote blood circulation and relieve tension. <\/p><p data-start=\"978\" data-end=\"1099\">This treatment is particularly beneficial for mild sunburn, dry summer skin and general heat exhaustion.<\/p><\/div>\t\t\t\t\t\t\t\t<\/div>\n\t\t\t\t<\/div>\n\t\t\t\t\t<\/div>\n\t\t\t\t<\/div>\n\t\t<div class=\"elementor-element elementor-element-5813c1b e-flex e-con-boxed e-con e-parent\" data-id=\"5813c1b\" data-element_type=\"container\" data-e-type=\"container\">\n\t\t\t\t\t<div class=\"e-con-inner\">\n\t\t\t\t<div class=\"elementor-element elementor-element-6dcc6f7 elementor-widget elementor-widget-spacer\" data-id=\"6dcc6f7\" data-element_type=\"widget\" data-e-type=\"widget\" data-widget_type=\"spacer.default\">\n\t\t\t\t<div class=\"elementor-widget-container\">\n\t\t\t\t\t\t\t<div class=\"elementor-spacer\">\n\t\t\t<div class=\"elementor-spacer-inner\"><\/div>\n\t\t<\/div>\n\t\t\t\t\t\t<\/div>\n\t\t\t\t<\/div>\n\t\t\t\t<div class=\"elementor-element elementor-element-145af84 elementor-widget elementor-widget-heading\" data-id=\"145af84\" data-element_type=\"widget\" data-e-type=\"widget\" data-widget_type=\"heading.default\">\n\t\t\t\t<div class=\"elementor-widget-container\">\n\t\t\t\t\t<h2 class=\"elementor-heading-title elementor-size-default\">Benefits of an aloe vera massage in summer<\/h2>\t\t\t\t<\/div>\n\t\t\t\t<\/div>\n\t\t\t\t<div class=\"elementor-element elementor-element-b6c9499 elementor-widget elementor-widget-text-editor\" data-id=\"b6c9499\" data-element_type=\"widget\" data-e-type=\"widget\" data-widget_type=\"text-editor.default\">\n\t\t\t\t<div class=\"elementor-widget-container\">\n\t\t\t\t\t\t\t\t\t<ul><li data-start=\"1162\" data-end=\"1269\"><p data-start=\"1164\" data-end=\"1269\"><strong data-start=\"1164\" data-end=\"1199\">Soothes sun-stressed skin:<\/strong> aloe vera soothes redness and feelings of tightness after sunbathing.<\/p><\/li><li data-start=\"1270\" data-end=\"1356\"><p data-start=\"1272\" data-end=\"1356\"><strong data-start=\"1272\" data-end=\"1307\">Provides intensive moisturisation:<\/strong> For a smooth, refreshed skin feeling.<\/p><\/li><li data-start=\"1357\" data-end=\"1437\"><p data-start=\"1359\" data-end=\"1437\"><strong data-start=\"1359\" data-end=\"1378\">Pleasantly cooling:<\/strong> immediate relief from heat stress and sunburn.<\/p><\/li><li data-start=\"1438\" data-end=\"1546\"><p data-start=\"1440\" data-end=\"1546\"><strong data-start=\"1440\" data-end=\"1471\">Relaxes body and mind: <\/strong>The Thai massage techniques release tension and promote well-being.<\/p><\/li><li data-start=\"1547\" data-end=\"1635\"><p data-start=\"1549\" data-end=\"1635\"><strong data-start=\"1549\" data-end=\"1577\">Natural regeneration: <\/strong>Supports the skin&#8217;s healing process after UV damage.<\/p><\/li><\/ul>\t\t\t\t\t\t\t\t<\/div>\n\t\t\t\t<\/div>\n\t\t\t\t<div class=\"elementor-element elementor-element-a7c95c3 elementor-widget elementor-widget-heading\" data-id=\"a7c95c3\" data-element_type=\"widget\" data-e-type=\"widget\" data-widget_type=\"heading.default\">\n\t\t\t\t<div class=\"elementor-widget-container\">\n\t\t\t\t\t<h2 class=\"elementor-heading-title elementor-size-default\">Who is the aloe vera massage suitable for?<\/h2>\t\t\t\t<\/div>\n\t\t\t\t<\/div>\n\t\t\t\t<div class=\"elementor-element elementor-element-3bf69bb elementor-widget elementor-widget-text-editor\" data-id=\"3bf69bb\" data-element_type=\"widget\" data-e-type=\"widget\" data-widget_type=\"text-editor.default\">\n\t\t\t\t<div class=\"elementor-widget-container\">\n\t\t\t\t\t\t\t\t\t<p data-start=\"1701\" data-end=\"1747\">This summer massage is ideal for all those who:<\/p><ul data-start=\"1748\" data-end=\"1983\"><li data-start=\"1748\" data-end=\"1807\"><p data-start=\"1750\" data-end=\"1807\">want to soothe your skin after a day in the sun<\/p><\/li><li data-start=\"1808\" data-end=\"1856\"><p data-start=\"1810\" data-end=\"1856\">Feel slight sunburn or reddening<\/p><\/li><li data-start=\"1857\" data-end=\"1905\"><p data-start=\"1859\" data-end=\"1905\">Want to care for dry, irritated summer skin<\/p><\/li><li data-start=\"1906\" data-end=\"1983\"><p data-start=\"1908\" data-end=\"1983\">Want to relax after heat exhaustion or summer fatigue<\/p><\/li><\/ul>\t\t\t\t\t\t\t\t<\/div>\n\t\t\t\t<\/div>\n\t\t\t\t<div class=\"elementor-element elementor-element-fe9e700 elementor-widget elementor-widget-heading\" data-id=\"fe9e700\" data-element_type=\"widget\" data-e-type=\"widget\" data-widget_type=\"heading.default\">\n\t\t\t\t<div class=\"elementor-widget-container\">\n\t\t\t\t\t<h2 class=\"elementor-heading-title elementor-size-default\">Procedure of the treatment <\/h2>\t\t\t\t<\/div>\n\t\t\t\t<\/div>\n\t\t\t\t<div class=\"elementor-element elementor-element-a42a423 elementor-widget elementor-widget-text-editor\" data-id=\"a42a423\" data-element_type=\"widget\" data-e-type=\"widget\" data-widget_type=\"text-editor.default\">\n\t\t\t\t<div class=\"elementor-widget-container\">\n\t\t\t\t\t\t\t\t\t<ul><li data-start=\"2027\" data-end=\"2120\"><p data-start=\"2029\" data-end=\"2120\"><strong data-start=\"2029\" data-end=\"2055\">Arrival and consultation: <\/strong>Brief discussion about the skin condition and individual wishes.<\/p><\/li><li data-start=\"2121\" data-end=\"2224\"><p data-start=\"2123\" data-end=\"2224\"><strong data-start=\"2123\" data-end=\"2135\">Massage:<\/strong> Gentle full body massage with aloe vera gel, tailored to your needs.<\/p><\/li><li data-start=\"2225\" data-end=\"2349\"><p data-start=\"2227\" data-end=\"2349\"><strong data-start=\"2227\" data-end=\"2256\">Cooling compress (optional):<\/strong> Particularly affected skin areas are treated with a cooling aloe vera compress.<\/p><\/li><li data-start=\"2350\" data-end=\"2430\"><p data-start=\"2352\" data-end=\"2430\"><strong data-start=\"2352\" data-end=\"2365\">After-rest:<\/strong> Final relaxation to deepen the care experience.<\/p><\/li><\/ul>\t\t\t\t\t\t\t\t<\/div>\n\t\t\t\t<\/div>\n\t\t\t\t<div class=\"elementor-element elementor-element-a4cc318 elementor-widget elementor-widget-heading\" data-id=\"a4cc318\" data-element_type=\"widget\" data-e-type=\"widget\" data-widget_type=\"heading.default\">\n\t\t\t\t<div class=\"elementor-widget-container\">\n\t\t\t\t\t<h2 class=\"elementor-heading-title elementor-size-default\">Duration &amp; Prices<\/h2>\t\t\t\t<\/div>\n\t\t\t\t<\/div>\n\t\t<div class=\"elementor-element elementor-element-4a937fb e-grid e-con-full e-con e-child\" data-id=\"4a937fb\" data-element_type=\"container\" data-e-type=\"container\">\n\t\t\t\t<div class=\"elementor-element elementor-element-98d458e elementor-widget elementor-widget-text-editor\" data-id=\"98d458e\" data-element_type=\"widget\" data-e-type=\"widget\" data-widget_type=\"text-editor.default\">\n\t\t\t\t<div class=\"elementor-widget-container\">\n\t\t\t\t\t\t\t\t\t<h3>Regular price<\/h3><p style=\"text-align: left;\">60 minutes 75\u20ac<\/p><p>90 minutes 110\u20ac<\/p><p>120 minutes 145\u20ac<\/p><p>*All prices incl. 19% VAT<\/p>\t\t\t\t\t\t\t\t<\/div>\n\t\t\t\t<\/div>\n\t\t\t\t<div class=\"elementor-element elementor-element-2bf7195 elementor-widget elementor-widget-text-editor\" data-id=\"2bf7195\" data-element_type=\"widget\" data-e-type=\"widget\" data-widget_type=\"text-editor.default\">\n\t\t\t\t<div class=\"elementor-widget-container\">\n\t\t\t\t\t\t\t\t\t<h3>EGYM-Wellpass members<\/h3><p style=\"text-align: left;\">60 minutes 62\u20ac<\/p><p>90 minutes 97\u20ac<\/p><p>120 minutes 132\u20ac<\/p><p>*All prices incl. 19% VAT<\/p>\t\t\t\t\t\t\t\t<\/div>\n\t\t\t\t<\/div>\n\t\t<div class=\"elementor-element elementor-element-eb0eee7 e-grid e-con-full e-con e-child\" data-id=\"eb0eee7\" data-element_type=\"container\" data-e-type=\"container\">\n\t\t\t\t<div class=\"elementor-element elementor-element-930b075 elementor-widget elementor-widget-image\" data-id=\"930b075\" data-element_type=\"widget\" data-e-type=\"widget\" data-widget_type=\"image.default\">\n\t\t\t\t<div class=\"elementor-widget-container\">\n\t\t\t\t\t\t\t\t\t\t\t\t\t\t\t<img decoding=\"async\" width=\"300\" height=\"116\" src=\"https:\/\/sukanya.spa\/wp-content\/uploads\/2025\/02\/spa-concept-300x116.jpg\" class=\"attachment-medium size-medium wp-image-5459\" alt=\"Steine, \u00d6l und Kr\u00e4uterstempel f\u00fcr die Massage\" srcset=\"https:\/\/sukanya.spa\/wp-content\/uploads\/2025\/02\/spa-concept-300x116.jpg.webp 300w, https:\/\/sukanya.spa\/wp-content\/uploads\/2025\/02\/spa-concept-768x297.jpg.webp 768w, https:\/\/sukanya.spa\/wp-content\/uploads\/2025\/02\/spa-concept-600x232.jpg.webp 600w, https:\/\/sukanya.spa\/wp-content\/uploads\/2025\/02\/spa-concept.jpg.webp 1000w\" sizes=\"(max-width: 300px) 100vw, 300px\" \/>\t\t\t\t\t\t\t\t\t\t\t\t\t\t\t<\/div>\n\t\t\t\t<\/div>\n\t\t\t\t<\/div>\n\t\t\t\t<\/div>\n\t\t\t\t<div class=\"elementor-element elementor-element-7fb51f0 elementor-widget elementor-widget-heading\" data-id=\"7fb51f0\" data-element_type=\"widget\" data-e-type=\"widget\" data-widget_type=\"heading.default\">\n\t\t\t\t<div class=\"elementor-widget-container\">\n\t\t\t\t\t<h2 class=\"elementor-heading-title elementor-size-default\">Book an appointment for an aloe vera massage in Munich now! <\/h2>\t\t\t\t<\/div>\n\t\t\t\t<\/div>\n\t\t\t\t<div class=\"elementor-element elementor-element-58376f9 elementor-widget elementor-widget-text-editor\" data-id=\"58376f9\" data-element_type=\"widget\" data-e-type=\"widget\" data-widget_type=\"text-editor.default\">\n\t\t\t\t<div class=\"elementor-widget-container\">\n\t\t\t\t\t\t\t\t\t<p data-start=\"2759\" data-end=\"2903\">Treat yourself to this summery freshness kick for your skin and soul &#8211; book your aloe vera massage at <strong data-start=\"2855\" data-end=\"2891\">Sukanya Thai Massage &amp; Pedicure<\/strong> in Munich.<\/p><p data-start=\"2905\" data-end=\"3006\"><img decoding=\"async\" class=\"emoji\" role=\"img\" draggable=\"false\" src=\"https:\/\/s.w.org\/images\/core\/emoji\/15.1.0\/svg\/1f4de.svg\" alt=\"\ud83d\udcde\"> Phone: 089 &#8211; 37032373<br data-start=\"2930\" data-end=\"2933\"><img decoding=\"async\" class=\"emoji\" role=\"img\" draggable=\"false\" src=\"https:\/\/s.w.org\/images\/core\/emoji\/15.1.0\/svg\/1f310.svg\" alt=\"\ud83c\udf10\"> <a title=\"Appointment booking\" href=\"https:\/\/connect.shore.com\/bookings\/sukanya-thai-massage-und-fusspflege\/services\" target=\"_blank\" rel=\"noopener\">Online appointment<\/a><\/p>\t\t\t\t\t\t\t\t<\/div>\n\t\t\t\t<\/div>\n\t\t\t\t<div class=\"elementor-element elementor-element-5163449 elementor-widget elementor-widget-heading\" data-id=\"5163449\" data-element_type=\"widget\" data-e-type=\"widget\" data-widget_type=\"heading.default\">\n\t\t\t\t<div class=\"elementor-widget-container\">\n\t\t\t\t\t<h2 class=\"elementor-heading-title elementor-size-default\">Frequently asked questions (FAQ)<\/h2>\t\t\t\t<\/div>\n\t\t\t\t<\/div>\n\t\t\t\t<div class=\"elementor-element elementor-element-60e66d5 elementor-widget elementor-widget-text-editor\" data-id=\"60e66d5\" data-element_type=\"widget\" data-e-type=\"widget\" data-widget_type=\"text-editor.default\">\n\t\t\t\t<div class=\"elementor-widget-container\">\n\t\t\t\t\t\t\t\t\t<p data-start=\"3334\" data-end=\"3461\"><strong data-start=\"3334\" data-end=\"3386\">How often should I book an aloe vera massage?<\/strong><br data-start=\"3386\" data-end=\"3389\">Depending on the condition of your skin, we recommend at least 1-2 applications per summer.<\/p><p data-start=\"3463\" data-end=\"3657\"><strong data-start=\"3463\" data-end=\"3521\">Is the massage also suitable for severe sunburn?<\/strong><br data-start=\"3521\" data-end=\"3524\">We recommend medical treatment for severe sunburn. The aloe vera massage is particularly suitable for mild skin irritations. <\/p><p data-start=\"3659\" data-end=\"3839\"><strong data-start=\"3659\" data-end=\"3731\">Can I combine the aloe vera massage with other treatments?<\/strong><br data-start=\"3731\" data-end=\"3734\">Yes, we will be happy to advise you on suitable combinations, e.g. with foot care or a classic Thai massage.<\/p>\t\t\t\t\t\t\t\t<\/div>\n\t\t\t\t<\/div>\n\t\t\t\t<div class=\"elementor-element elementor-element-642fe69 elementor-widget elementor-widget-spacer\" data-id=\"642fe69\" data-element_type=\"widget\" data-e-type=\"widget\" data-widget_type=\"spacer.default\">\n\t\t\t\t<div class=\"elementor-widget-container\">\n\t\t\t\t\t\t\t<div class=\"elementor-spacer\">\n\t\t\t<div class=\"elementor-spacer-inner\"><\/div>\n\t\t<\/div>\n\t\t\t\t\t\t<\/div>\n\t\t\t\t<\/div>\n\t\t\t\t\t<\/div>\n\t\t\t\t<\/div>\n\t\t<div class=\"elementor-element elementor-element-5274b84 e-grid e-con-boxed e-con e-parent\" data-id=\"5274b84\" data-element_type=\"container\" data-e-type=\"container\">\n\t\t\t\t\t<div class=\"e-con-inner\">\n\t\t\t\t<div class=\"elementor-element elementor-element-5bc86ec elementor-widget__width-initial elementor-widget elementor-widget-text-editor\" data-id=\"5bc86ec\" data-element_type=\"widget\" data-e-type=\"widget\" data-widget_type=\"text-editor.default\">\n\t\t\t\t<div class=\"elementor-widget-container\">\n\t\t\t\t\t\t\t\t\t<h4>Further information<\/h4><p><a title=\"Massages and foot care\" href=\"https:\/\/sukanya.spa\/en\/services\/\">All massages &amp; prices<\/a><\/p><p><a title=\"Massage Vouchers\" href=\"https:\/\/sukanya.spa\/en\/shop\/\">Gift vouchers<\/a><\/p><p><a href=\"https:\/\/sukanya.spa\/en\/about-us\/\">About us <\/a><\/p><p><a title=\"Contact and directions\" href=\"https:\/\/sukanya.spa\/en\/contact-us\/\">Contact and directions<\/a><\/p>\t\t\t\t\t\t\t\t<\/div>\n\t\t\t\t<\/div>\n\t\t<div class=\"elementor-element elementor-element-afa06b4 e-grid e-con-full e-con e-child\" data-id=\"afa06b4\" data-element_type=\"container\" data-e-type=\"container\">\n\t\t<div class=\"elementor-element elementor-element-dff5385 e-grid e-con-full e-con e-child\" data-id=\"dff5385\" data-element_type=\"container\" data-e-type=\"container\">\n\t\t\t\t<div class=\"elementor-element elementor-element-dd11f35 elementor-align-center elementor-widget elementor-widget-button\" data-id=\"dd11f35\" data-element_type=\"widget\" data-e-type=\"widget\" data-widget_type=\"button.default\">\n\t\t\t\t<div class=\"elementor-widget-container\">\n\t\t\t\t\t\t\t\t\t<div class=\"elementor-button-wrapper\">\n\t\t\t\t\t<a class=\"elementor-button elementor-button-link elementor-size-sm\" href=\"https:\/\/connect.shore.com\/bookings\/sukanya-thai-massage-und-fusspflege\/services\" target=\"_blank\" rel=\"noopener\">\n\t\t\t\t\t\t<span class=\"elementor-button-content-wrapper\">\n\t\t\t\t\t\t\t\t\t<span class=\"elementor-button-text\">Book an appointment<\/span>\n\t\t\t\t\t<\/span>\n\t\t\t\t\t<\/a>\n\t\t\t\t<\/div>\n\t\t\t\t\t\t\t\t<\/div>\n\t\t\t\t<\/div>\n\t\t\t\t<div class=\"elementor-element elementor-element-ccf6399 elementor-align-center elementor-widget elementor-widget-button\" data-id=\"ccf6399\" data-element_type=\"widget\" data-e-type=\"widget\" data-widget_type=\"button.default\">\n\t\t\t\t<div class=\"elementor-widget-container\">\n\t\t\t\t\t\t\t\t\t<div class=\"elementor-button-wrapper\">\n\t\t\t\t\t<a class=\"elementor-button elementor-button-link elementor-size-sm\" href=\"https:\/\/sukanya.spa\/en\/contact-us\/\">\n\t\t\t\t\t\t<span class=\"elementor-button-content-wrapper\">\n\t\t\t\t\t\t\t\t\t<span class=\"elementor-button-text\">Send contact request<\/span>\n\t\t\t\t\t<\/span>\n\t\t\t\t\t<\/a>\n\t\t\t\t<\/div>\n\t\t\t\t\t\t\t\t<\/div>\n\t\t\t\t<\/div>\n\t\t\t\t<div class=\"elementor-element elementor-element-812c6f2 elementor-align-center elementor-widget elementor-widget-button\" data-id=\"812c6f2\" data-element_type=\"widget\" data-e-type=\"widget\" data-widget_type=\"button.default\">\n\t\t\t\t<div class=\"elementor-widget-container\">\n\t\t\t\t\t\t\t\t\t<div class=\"elementor-button-wrapper\">\n\t\t\t\t\t<a class=\"elementor-button elementor-button-link elementor-size-sm\" href=\"https:\/\/sukanya.spa\/en\/shop\/\">\n\t\t\t\t\t\t<span class=\"elementor-button-content-wrapper\">\n\t\t\t\t\t\t\t\t\t<span class=\"elementor-button-text\">Buy voucher<\/span>\n\t\t\t\t\t<\/span>\n\t\t\t\t\t<\/a>\n\t\t\t\t<\/div>\n\t\t\t\t\t\t\t\t<\/div>\n\t\t\t\t<\/div>\n\t\t\t\t<\/div>\n\t\t\t\t<\/div>\n\t\t\t\t<div class=\"elementor-element elementor-element-e6383f5 elementor-widget elementor-widget-text-editor\" data-id=\"e6383f5\" data-element_type=\"widget\" data-e-type=\"widget\" data-widget_type=\"text-editor.default\">\n\t\t\t\t<div class=\"elementor-widget-container\">\n\t\t\t\t\t\t\t\t\t<h4>Directions<\/h4><p>We are located at <a href=\"https:\/\/maps.app.goo.gl\/XsfS4Kr4pUoWso2G8\" target=\"_blank\" rel=\"noopener\">Bruderm\u00fchlstra\u00dfe 48a in Munich,<\/a> just a few minutes&#8217; walk from the Bruderm\u00fchlstra\u00dfe underground station. <\/p><p>Free parking is available in the inner courtyard. Click here for <a href=\"https:\/\/sukanya.spa\/en\/contact-us\/#anfahrt\">directions. <\/a>  <\/p>\t\t\t\t\t\t\t\t<\/div>\n\t\t\t\t<\/div>\n\t\t\t\t\t<\/div>\n\t\t\t\t<\/div>\n\t\t\t\t<\/div>\n\t\t","protected":false},"excerpt":{"rendered":"<p>Aloe vera massage in Munich &#8211; summer care for skin and senses Experience the new aloe vera massage at Sukanya Thai Massage and Foot Care in Munich &#8211; ideal for regenerating sun-stressed skin. The treatment intensively moisturises, pleasantly cools and relaxes body and mind. Designed by www.freepik.com What is the aloe vera massage? The aloe [&hellip;]<\/p>\n","protected":false},"author":4,"featured_media":0,"parent":0,"menu_order":0,"comment_status":"closed","ping_status":"closed","template":"","meta":{"_acf_changed":false,"site-sidebar-layout":"no-sidebar","site-content-layout":"page-builder","ast-site-content-layout":"full-width-container","site-content-style":"default","site-sidebar-style":"default","ast-global-header-display":"","ast-banner-title-visibility":"","ast-main-header-display":"","ast-hfb-above-header-display":"","ast-hfb-below-header-display":"","ast-hfb-mobile-header-display":"","site-post-title":"disabled","ast-breadcrumbs-content":"","ast-featured-img":"disabled","footer-sml-layout":"","ast-disable-related-posts":"","theme-transparent-header-meta":"default","adv-header-id-meta":"","stick-header-meta":"default","header-above-stick-meta":"","header-main-stick-meta":"","header-below-stick-meta":"","astra-migrate-meta-layouts":"set","ast-page-background-enabled":"default","ast-page-background-meta":{"desktop":{"background-color":"","background-image":"","background-repeat":"repeat","background-position":"center center","background-size":"auto","background-attachment":"scroll","background-type":"","background-media":"","overlay-type":"","overlay-color":"","overlay-opacity":"","overlay-gradient":""},"tablet":{"background-color":"","background-image":"","background-repeat":"repeat","background-position":"center center","background-size":"auto","background-attachment":"scroll","background-type":"","background-media":"","overlay-type":"","overlay-color":"","overlay-opacity":"","overlay-gradient":""},"mobile":{"background-color":"","background-image":"","background-repeat":"repeat","background-position":"center center","background-size":"auto","background-attachment":"scroll","background-type":"","background-media":"","overlay-type":"","overlay-color":"","overlay-opacity":"","overlay-gradient":""}},"ast-content-background-meta":{"desktop":{"background-color":"var(--ast-global-color-5)","background-image":"","background-repeat":"repeat","background-position":"center center","background-size":"auto","background-attachment":"scroll","background-type":"","background-media":"","overlay-type":"","overlay-color":"","overlay-opacity":"","overlay-gradient":""},"tablet":{"background-color":"var(--ast-global-color-5)","background-image":"","background-repeat":"repeat","background-position":"center center","background-size":"auto","background-attachment":"scroll","background-type":"","background-media":"","overlay-type":"","overlay-color":"","overlay-opacity":"","overlay-gradient":""},"mobile":{"background-color":"var(--ast-global-color-5)","background-image":"","background-repeat":"repeat","background-position":"center center","background-size":"auto","background-attachment":"scroll","background-type":"","background-media":"","overlay-type":"","overlay-color":"","overlay-opacity":"","overlay-gradient":""}},"footnotes":""},"class_list":["post-7227","page","type-page","status-publish","hentry"],"acf":[],"_links":{"self":[{"href":"https:\/\/sukanya.spa\/en\/wp-json\/wp\/v2\/pages\/7227","targetHints":{"allow":["GET"]}}],"collection":[{"href":"https:\/\/sukanya.spa\/en\/wp-json\/wp\/v2\/pages"}],"about":[{"href":"https:\/\/sukanya.spa\/en\/wp-json\/wp\/v2\/types\/page"}],"author":[{"embeddable":true,"href":"https:\/\/sukanya.spa\/en\/wp-json\/wp\/v2\/users\/4"}],"replies":[{"embeddable":true,"href":"https:\/\/sukanya.spa\/en\/wp-json\/wp\/v2\/comments?post=7227"}],"version-history":[{"count":23,"href":"https:\/\/sukanya.spa\/en\/wp-json\/wp\/v2\/pages\/7227\/revisions"}],"predecessor-version":[{"id":7510,"href":"https:\/\/sukanya.spa\/en\/wp-json\/wp\/v2\/pages\/7227\/revisions\/7510"}],"wp:attachment":[{"href":"https:\/\/sukanya.spa\/en\/wp-json\/wp\/v2\/media?parent=7227"}],"curies":[{"name":"wp","href":"https:\/\/api.w.org\/{rel}","templated":true}]}}