{"id":5490,"date":"2025-01-13T09:30:56","date_gmt":"2025-01-13T08:30:56","guid":{"rendered":"https:\/\/sukanya.spa\/contact-us\/"},"modified":"2026-04-12T14:08:21","modified_gmt":"2026-04-12T12:08:21","slug":"contact-us","status":"publish","type":"page","link":"https:\/\/sukanya.spa\/en\/contact-us\/","title":{"rendered":"Contact us"},"content":{"rendered":"\t\t<div data-elementor-type=\"wp-post\" data-elementor-id=\"5490\" class=\"elementor elementor-5490 elementor-2449\" data-elementor-post-type=\"page\">\n\t\t\t\t<div class=\"elementor-element elementor-element-a7a793d e-flex e-con-boxed e-con e-parent\" data-id=\"a7a793d\" data-element_type=\"container\" data-e-type=\"container\" data-settings=\"{&quot;background_background&quot;:&quot;classic&quot;}\">\n\t\t\t\t\t<div class=\"e-con-inner\">\n\t\t<div class=\"elementor-element elementor-element-9486027 e-con-full e-flex e-con e-child\" data-id=\"9486027\" data-element_type=\"container\" data-e-type=\"container\">\n\t\t\t\t<div class=\"elementor-element elementor-element-994ea48 elementor-widget elementor-widget-spacer\" data-id=\"994ea48\" data-element_type=\"widget\" data-e-type=\"widget\" data-widget_type=\"spacer.default\">\n\t\t\t\t<div class=\"elementor-widget-container\">\n\t\t\t\t\t\t\t<div class=\"elementor-spacer\">\n\t\t\t<div class=\"elementor-spacer-inner\"><\/div>\n\t\t<\/div>\n\t\t\t\t\t\t<\/div>\n\t\t\t\t<\/div>\n\t\t\t\t<div class=\"elementor-element elementor-element-38474c1 elementor-widget elementor-widget-heading\" data-id=\"38474c1\" data-element_type=\"widget\" data-e-type=\"widget\" data-widget_type=\"heading.default\">\n\t\t\t\t<div class=\"elementor-widget-container\">\n\t\t\t\t\t<h5 class=\"elementor-heading-title elementor-size-default\">We are here for you<\/h5>\t\t\t\t<\/div>\n\t\t\t\t<\/div>\n\t\t\t\t<div class=\"elementor-element elementor-element-b6ef343 elementor-widget elementor-widget-heading\" data-id=\"b6ef343\" data-element_type=\"widget\" data-e-type=\"widget\" data-widget_type=\"heading.default\">\n\t\t\t\t<div class=\"elementor-widget-container\">\n\t\t\t\t\t<h1 class=\"elementor-heading-title elementor-size-default\">Contact us<\/h1>\t\t\t\t<\/div>\n\t\t\t\t<\/div>\n\t\t\t\t<\/div>\n\t\t\t\t\t<\/div>\n\t\t\t\t<\/div>\n\t\t<div class=\"elementor-element elementor-element-13c8f4c e-flex e-con-boxed e-con e-parent\" data-id=\"13c8f4c\" data-element_type=\"container\" data-e-type=\"container\">\n\t\t\t\t\t<div class=\"e-con-inner\">\n\t\t<div class=\"elementor-element elementor-element-630e730 e-con-full e-flex e-con e-child\" data-id=\"630e730\" data-element_type=\"container\" data-e-type=\"container\">\n\t\t\t\t<div class=\"elementor-element elementor-element-c64b322 elementor-widget elementor-widget-heading\" data-id=\"c64b322\" data-element_type=\"widget\" data-e-type=\"widget\" data-widget_type=\"heading.default\">\n\t\t\t\t<div class=\"elementor-widget-container\">\n\t\t\t\t\t<h5 class=\"elementor-heading-title elementor-size-default\">Your direct line to us<\/h5>\t\t\t\t<\/div>\n\t\t\t\t<\/div>\n\t\t\t\t<div class=\"elementor-element elementor-element-756cc9a elementor-widget elementor-widget-heading\" data-id=\"756cc9a\" data-element_type=\"widget\" data-e-type=\"widget\" data-widget_type=\"heading.default\">\n\t\t\t\t<div class=\"elementor-widget-container\">\n\t\t\t\t\t<h2 class=\"elementor-heading-title elementor-size-default\">Write to us or call us<\/h2>\t\t\t\t<\/div>\n\t\t\t\t<\/div>\n\t\t\t\t<div class=\"elementor-element elementor-element-e82d0ab elementor-widget elementor-widget-spacer\" data-id=\"e82d0ab\" data-element_type=\"widget\" data-e-type=\"widget\" data-widget_type=\"spacer.default\">\n\t\t\t\t<div class=\"elementor-widget-container\">\n\t\t\t\t\t\t\t<div class=\"elementor-spacer\">\n\t\t\t<div class=\"elementor-spacer-inner\"><\/div>\n\t\t<\/div>\n\t\t\t\t\t\t<\/div>\n\t\t\t\t<\/div>\n\t\t<div class=\"elementor-element elementor-element-36c8fd5 e-con-full e-flex e-con e-child\" data-id=\"36c8fd5\" data-element_type=\"container\" data-e-type=\"container\">\n\t\t<div class=\"elementor-element elementor-element-bce1f8c e-con-full e-flex e-con e-child\" data-id=\"bce1f8c\" data-element_type=\"container\" data-e-type=\"container\" data-settings=\"{&quot;background_background&quot;:&quot;classic&quot;}\">\n\t\t<div class=\"elementor-element elementor-element-7e5078c e-con-full e-flex e-con e-child\" data-id=\"7e5078c\" data-element_type=\"container\" data-e-type=\"container\">\n\t\t\t\t<div class=\"elementor-element elementor-element-029dc51 elementor-vertical-align-top elementor-widget elementor-widget-image-box\" data-id=\"029dc51\" data-element_type=\"widget\" data-e-type=\"widget\" data-widget_type=\"image-box.default\">\n\t\t\t\t<div class=\"elementor-widget-container\">\n\t\t\t\t\t<div class=\"elementor-image-box-wrapper\"><div class=\"elementor-image-box-content\"><h3 class=\"elementor-image-box-title\">Address &amp; opening hours<\/h3><p class=\"elementor-image-box-description\">Sukanya Thai massage and foot care<br>Bruderm\u00fchlstra\u00dfe 48A<br>81371 Munich<br><br>Phone: 089 37 03 2373<\/p><\/div><\/div>\t\t\t\t<\/div>\n\t\t\t\t<\/div>\n\t\t\t\t<div class=\"elementor-element elementor-element-15a5c55 elementor-widget elementor-widget-text-editor\" data-id=\"15a5c55\" data-element_type=\"widget\" data-e-type=\"widget\" data-widget_type=\"text-editor.default\">\n\t\t\t\t<div class=\"elementor-widget-container\">\n\t\t\t\t\t\t\t\t\t<p>Tue.-Sun.: 10:00 a.m. &#8211; 8:00 p.m.<\/p><p>Mon. &amp; public holidays: Closed<\/p><p> <\/p>\t\t\t\t\t\t\t\t<\/div>\n\t\t\t\t<\/div>\n\t\t\t\t<\/div>\n\t\t<div class=\"elementor-element elementor-element-8463ad2 e-con-full e-flex e-con e-child\" data-id=\"8463ad2\" data-element_type=\"container\" data-e-type=\"container\">\n\t\t\t\t<div class=\"elementor-element elementor-element-b2dc734 elementor-widget elementor-widget-image\" data-id=\"b2dc734\" data-element_type=\"widget\" data-e-type=\"widget\" data-widget_type=\"image.default\">\n\t\t\t\t<div class=\"elementor-widget-container\">\n\t\t\t\t\t\t\t\t\t\t\t\t\t\t\t<img fetchpriority=\"high\" decoding=\"async\" width=\"1000\" height=\"744\" src=\"https:\/\/sukanya.spa\/wp-content\/uploads\/2025\/02\/spa_concept.jpg\" class=\"attachment-full size-full wp-image-5460\" alt=\"Utensilien f\u00fcr die Hot Stone Massage in M\u00fcnchen\" srcset=\"https:\/\/sukanya.spa\/wp-content\/uploads\/2025\/02\/spa_concept.jpg 1000w, https:\/\/sukanya.spa\/wp-content\/uploads\/2025\/02\/spa_concept-300x223.jpg 300w, https:\/\/sukanya.spa\/wp-content\/uploads\/2025\/02\/spa_concept-768x571.jpg 768w, https:\/\/sukanya.spa\/wp-content\/uploads\/2025\/02\/spa_concept-600x446.jpg 600w\" sizes=\"(max-width: 1000px) 100vw, 1000px\" \/>\t\t\t\t\t\t\t\t\t\t\t\t\t\t\t<\/div>\n\t\t\t\t<\/div>\n\t\t\t\t<\/div>\n\t\t\t\t<\/div>\n\t\t<div class=\"elementor-element elementor-element-9291aa2 e-con-full e-flex e-con e-child\" data-id=\"9291aa2\" data-element_type=\"container\" data-e-type=\"container\" data-settings=\"{&quot;background_background&quot;:&quot;classic&quot;}\">\n\t\t\t\t<div class=\"elementor-element elementor-element-ee6b5df elementor-button-align-stretch elementor-widget elementor-widget-form\" data-id=\"ee6b5df\" data-element_type=\"widget\" data-e-type=\"widget\" data-settings=\"{&quot;step_next_label&quot;:&quot;Next&quot;,&quot;step_previous_label&quot;:&quot;Previous&quot;,&quot;button_width&quot;:&quot;100&quot;,&quot;step_type&quot;:&quot;number_text&quot;,&quot;step_icon_shape&quot;:&quot;circle&quot;}\" data-widget_type=\"form.default\">\n\t\t\t\t<div class=\"elementor-widget-container\">\n\t\t\t\t\t\t\t<form class=\"elementor-form\" method=\"post\" name=\"New form\" aria-label=\"New form\">\n\t\t\t<input type=\"hidden\" name=\"post_id\" value=\"5490\"\/>\n\t\t\t<input type=\"hidden\" name=\"form_id\" value=\"ee6b5df\"\/>\n\t\t\t<input type=\"hidden\" name=\"referer_title\" value=\"\" \/>\n\n\t\t\t\n\t\t\t<div class=\"elementor-form-fields-wrapper elementor-labels-above\">\n\t\t\t\t\t\t\t\t<div class=\"elementor-field-type-text elementor-field-group elementor-column elementor-field-group-name elementor-col-100 elementor-field-required elementor-mark-required\">\n\t\t\t\t\t\t\t\t\t\t\t\t<label for=\"form-field-name\" class=\"elementor-field-label\">\n\t\t\t\t\t\t\t\tName\t\t\t\t\t\t\t<\/label>\n\t\t\t\t\t\t\t\t\t\t\t\t\t\t<input size=\"1\" type=\"text\" name=\"form_fields[name]\" id=\"form-field-name\" class=\"elementor-field elementor-size-sm  elementor-field-textual\" placeholder=\"Name\" required=\"required\">\n\t\t\t\t\t\t\t\t\t\t\t<\/div>\n\t\t\t\t\t\t\t\t<div class=\"elementor-field-type-email elementor-field-group elementor-column elementor-field-group-email elementor-col-100 elementor-field-required elementor-mark-required\">\n\t\t\t\t\t\t\t\t\t\t\t\t<label for=\"form-field-email\" class=\"elementor-field-label\">\n\t\t\t\t\t\t\t\te-mail\t\t\t\t\t\t\t<\/label>\n\t\t\t\t\t\t\t\t\t\t\t\t\t\t<input size=\"1\" type=\"email\" name=\"form_fields[email]\" id=\"form-field-email\" class=\"elementor-field elementor-size-sm  elementor-field-textual\" placeholder=\"e-mail\" required=\"required\">\n\t\t\t\t\t\t\t\t\t\t\t<\/div>\n\t\t\t\t\t\t\t\t<div class=\"elementor-field-type-tel elementor-field-group elementor-column elementor-field-group-field_bf70797 elementor-col-100 elementor-field-required elementor-mark-required\">\n\t\t\t\t\t\t\t\t\t\t\t\t<label for=\"form-field-field_bf70797\" class=\"elementor-field-label\">\n\t\t\t\t\t\t\t\tTelephone\t\t\t\t\t\t\t<\/label>\n\t\t\t\t\t\t\t\t<input size=\"1\" type=\"tel\" name=\"form_fields[field_bf70797]\" id=\"form-field-field_bf70797\" class=\"elementor-field elementor-size-sm  elementor-field-textual\" required=\"required\" pattern=\"[0-9()#&amp;+*-=.]+\" title=\"Only numbers and phone characters (#, -, *, etc) are accepted.\">\n\n\t\t\t\t\t\t<\/div>\n\t\t\t\t\t\t\t\t<div class=\"elementor-field-type-textarea elementor-field-group elementor-column elementor-field-group-message elementor-col-100\">\n\t\t\t\t\t\t\t\t\t\t\t\t<label for=\"form-field-message\" class=\"elementor-field-label\">\n\t\t\t\t\t\t\t\tMessage\t\t\t\t\t\t\t<\/label>\n\t\t\t\t\t\t<textarea class=\"elementor-field-textual elementor-field  elementor-size-sm\" name=\"form_fields[message]\" id=\"form-field-message\" rows=\"5\" placeholder=\"Message\"><\/textarea>\t\t\t\t<\/div>\n\t\t\t\t\t\t\t\t<div class=\"elementor-field-group elementor-column elementor-field-type-submit elementor-col-100 e-form__buttons\">\n\t\t\t\t\t<button class=\"elementor-button elementor-size-sm\" type=\"submit\">\n\t\t\t\t\t\t<span class=\"elementor-button-content-wrapper\">\n\t\t\t\t\t\t\t\t\t\t\t\t\t\t\t\t\t\t\t\t\t\t<span class=\"elementor-button-text\">Send<\/span>\n\t\t\t\t\t\t\t\t\t\t\t\t\t<\/span>\n\t\t\t\t\t<\/button>\n\t\t\t\t<\/div>\n\t\t\t<\/div>\n\t\t<\/form>\n\t\t\t\t\t\t<\/div>\n\t\t\t\t<\/div>\n\t\t\t\t<\/div>\n\t\t\t\t<\/div>\n\t\t\t\t<div class=\"elementor-element elementor-element-c1d4e2a elementor-widget elementor-widget-spacer\" data-id=\"c1d4e2a\" data-element_type=\"widget\" data-e-type=\"widget\" data-widget_type=\"spacer.default\">\n\t\t\t\t<div class=\"elementor-widget-container\">\n\t\t\t\t\t\t\t<div class=\"elementor-spacer\">\n\t\t\t<div class=\"elementor-spacer-inner\"><\/div>\n\t\t<\/div>\n\t\t\t\t\t\t<\/div>\n\t\t\t\t<\/div>\n\t\t\t\t<div class=\"elementor-element elementor-element-dc40c6b elementor-widget elementor-widget-menu-anchor\" data-id=\"dc40c6b\" data-element_type=\"widget\" data-e-type=\"widget\" data-widget_type=\"menu-anchor.default\">\n\t\t\t\t<div class=\"elementor-widget-container\">\n\t\t\t\t\t\t\t<div class=\"elementor-menu-anchor\" id=\"directions\"><\/div>\n\t\t\t\t\t\t<\/div>\n\t\t\t\t<\/div>\n\t\t\t\t<div class=\"elementor-element elementor-element-a5f8bbf elementor-widget elementor-widget-spacer\" data-id=\"a5f8bbf\" data-element_type=\"widget\" data-e-type=\"widget\" data-widget_type=\"spacer.default\">\n\t\t\t\t<div class=\"elementor-widget-container\">\n\t\t\t\t\t\t\t<div class=\"elementor-spacer\">\n\t\t\t<div class=\"elementor-spacer-inner\"><\/div>\n\t\t<\/div>\n\t\t\t\t\t\t<\/div>\n\t\t\t\t<\/div>\n\t\t\t\t<div class=\"elementor-element elementor-element-f3f4e4a elementor-widget elementor-widget-heading\" data-id=\"f3f4e4a\" data-element_type=\"widget\" data-e-type=\"widget\" data-widget_type=\"heading.default\">\n\t\t\t\t<div class=\"elementor-widget-container\">\n\t\t\t\t\t<h3 class=\"elementor-heading-title elementor-size-default\">Your way to Sukanya Thai Massage und Fu\u00dfpflege<\/h3>\t\t\t\t<\/div>\n\t\t\t\t<\/div>\n\t\t\t\t<\/div>\n\t\t\t\t\t<\/div>\n\t\t\t\t<\/div>\n\t\t<div class=\"elementor-element elementor-element-3934f01 e-grid e-con-boxed e-con e-parent\" data-id=\"3934f01\" data-element_type=\"container\" data-e-type=\"container\">\n\t\t\t\t\t<div class=\"e-con-inner\">\n\t\t\t\t<div class=\"elementor-element elementor-element-f65c56a elementor-widget elementor-widget-text-editor\" data-id=\"f65c56a\" data-element_type=\"widget\" data-e-type=\"widget\" data-widget_type=\"text-editor.default\">\n\t\t\t\t<div class=\"elementor-widget-container\">\n\t\t\t\t\t\t\t\t\t<h4><strong><img decoding=\"async\" class=\"emoji\" role=\"img\" draggable=\"false\" src=\"https:\/\/s.w.org\/images\/core\/emoji\/15.0.3\/svg\/1f17f.svg\" alt=\"\ud83c\udd7f\ufe0f\"><\/strong> <strong>Free customer parking <\/strong><strong><img decoding=\"async\" class=\"emoji\" role=\"img\" draggable=\"false\" src=\"https:\/\/s.w.org\/images\/core\/emoji\/15.0.3\/svg\/1f17f.svg\" alt=\"\ud83c\udd7f\ufe0f\"><\/strong> <\/h4><p data-start=\"208\" data-end=\"418\">Two free parking spaces are available for our customers directly in the courtyard. The parking spaces are marked with our company logo so that you can easily recognise them. <\/p><p data-start=\"420\" data-end=\"587\"><strong data-start=\"428\" data-end=\"459\">On the map<\/strong> on the right, you can see exactly where the parking spaces are located \u2013 in the courtyard, easily accessible and just a few steps away from the salon.<\/p><p data-start=\"589\" data-end=\"723\"><strong data-start=\"593\" data-end=\"614\">The entrance<\/strong> to the salon is on the side facing Bruderm\u00fchlstra\u00dfe, so you can find us quickly and easily.<\/p><p data-start=\"589\" data-end=\"723\"> <\/p><h4><strong>Anfahrt mit \u00f6ffentlichen Verkehrsmitteln:<\/strong><\/h4><p class=\"\" data-start=\"130\" data-end=\"269\">You can find us at Bruderm\u00fchlstra\u00dfe 48a in Munich&#8217;s Sendling district \u2013 easily accessible by public transport:<\/p><ul data-start=\"271\" data-end=\"553\"><li class=\"\" data-start=\"271\" data-end=\"417\"><p class=\"\" data-start=\"273\" data-end=\"417\">Underground: Take the U3 line and get off at Bruderm\u00fchlstra\u00dfe station. From there, it is only about a 2-minute walk to our office. <\/p><\/li><li class=\"\" data-start=\"419\" data-end=\"553\"><p class=\"\" data-start=\"421\" data-end=\"553\">Bus: Bus lines 54, X30 and N43 also stop at Bruderm\u00fchlstra\u00dfe \u2013 also very close by.<\/p><\/li><\/ul><p><strong> <\/strong><\/p>\t\t\t\t\t\t\t\t<\/div>\n\t\t\t\t<\/div>\n\t\t<div class=\"elementor-element elementor-element-1a1d852 e-con-full e-flex e-con e-child\" data-id=\"1a1d852\" data-element_type=\"container\" data-e-type=\"container\">\n\t\t\t\t<div class=\"elementor-element elementor-element-c6f87a6 elementor-widget elementor-widget-text-editor\" data-id=\"c6f87a6\" data-element_type=\"widget\" data-e-type=\"widget\" data-widget_type=\"text-editor.default\">\n\t\t\t\t<div class=\"elementor-widget-container\">\n\t\t\t\t\t\t\t\t\t<iframe src=\"https:\/\/www.google.com\/maps\/d\/embed?mid=1UaV-H2zuxlMoyX3y0VM-dQFKWnQ-5Go&amp;ehbc=2E312F\" width=\"640\" height=\"480\"><span data-mce-type=\"bookmark\" style=\"display: inline-block; width: 0px; overflow: hidden; line-height: 0;\" class=\"mce_SELRES_start\"><\/span><\/iframe>\t\t\t\t\t\t\t\t<\/div>\n\t\t\t\t<\/div>\n\t\t\t\t<\/div>\n\t\t\t\t\t<\/div>\n\t\t\t\t<\/div>\n\t\t<div class=\"elementor-element elementor-element-11105e4 e-flex e-con-boxed e-con e-parent\" data-id=\"11105e4\" data-element_type=\"container\" data-e-type=\"container\">\n\t\t\t\t\t<div class=\"e-con-inner\">\n\t\t\t\t<div class=\"elementor-element elementor-element-e348eca elementor-widget elementor-widget-text-editor\" data-id=\"e348eca\" data-element_type=\"widget\" data-e-type=\"widget\" data-widget_type=\"text-editor.default\">\n\t\t\t\t<div class=\"elementor-widget-container\">\n\t\t\t\t\t\t\t\t\t<h4 style=\"text-align: center;\"><strong>How to find our free parking spaces<\/strong><\/h4>\t\t\t\t\t\t\t\t<\/div>\n\t\t\t\t<\/div>\n\t\t<div class=\"elementor-element elementor-element-a673bdf e-con-full e-grid e-con e-child\" data-id=\"a673bdf\" data-element_type=\"container\" data-e-type=\"container\">\n\t\t\t\t<div class=\"elementor-element elementor-element-4ef663e elementor-widget elementor-widget-image\" data-id=\"4ef663e\" data-element_type=\"widget\" data-e-type=\"widget\" data-widget_type=\"image.default\">\n\t\t\t\t<div class=\"elementor-widget-container\">\n\t\t\t\t\t\t\t\t\t\t\t\t\t\t\t\t<a href=\"https:\/\/sukanya.spa\/wp-content\/uploads\/2025\/10\/Sukanya-Thai-Massage-Muenchen-Parkplatz.avif\" data-elementor-open-lightbox=\"yes\" data-elementor-lightbox-title=\"reviews (Instagram-Post (4:5)) - 2\" data-e-action-hash=\"#elementor-action%3Aaction%3Dlightbox%26settings%3DeyJpZCI6ODAwOCwidXJsIjoiaHR0cHM6XC9cL3N1a2FueWEuc3BhXC93cC1jb250ZW50XC91cGxvYWRzXC8yMDI1XC8xMFwvU3VrYW55YS1UaGFpLU1hc3NhZ2UtTXVlbmNoZW4tUGFya3BsYXR6LmF2aWYifQ%3D%3D\">\n\t\t\t\t\t\t\t<img decoding=\"async\" width=\"224\" height=\"300\" src=\"https:\/\/sukanya.spa\/wp-content\/uploads\/2025\/10\/Sukanya-Thai-Massage-Muenchen-Parkplatz-224x300.avif\" class=\"attachment-medium size-medium wp-image-8008\" alt=\"Sukanya Thai Massage M\u00fcnchen Anfahrt und Parkplatz\" srcset=\"https:\/\/sukanya.spa\/wp-content\/uploads\/2025\/10\/Sukanya-Thai-Massage-Muenchen-Parkplatz-224x300.avif 224w, https:\/\/sukanya.spa\/wp-content\/uploads\/2025\/10\/Sukanya-Thai-Massage-Muenchen-Parkplatz-600x804.avif 600w, https:\/\/sukanya.spa\/wp-content\/uploads\/2025\/10\/Sukanya-Thai-Massage-Muenchen-Parkplatz.avif 624w\" sizes=\"(max-width: 224px) 100vw, 224px\" \/>\t\t\t\t\t\t\t\t<\/a>\n\t\t\t\t\t\t\t\t\t\t\t\t\t\t\t<\/div>\n\t\t\t\t<\/div>\n\t\t\t\t<div class=\"elementor-element elementor-element-8294e21 elementor-widget elementor-widget-image\" data-id=\"8294e21\" data-element_type=\"widget\" data-e-type=\"widget\" data-widget_type=\"image.default\">\n\t\t\t\t<div class=\"elementor-widget-container\">\n\t\t\t\t\t\t\t\t\t\t\t\t\t\t\t\t<a href=\"https:\/\/sukanya.spa\/wp-content\/uploads\/2025\/10\/Sukanya-Thai-Massage-Muenchen-Parkplatz-Wegbeschreibung.avif\" data-elementor-open-lightbox=\"yes\" data-elementor-lightbox-title=\"reviews (Instagram-Post (4:5)) - 3\" data-e-action-hash=\"#elementor-action%3Aaction%3Dlightbox%26settings%3DeyJpZCI6ODAxMCwidXJsIjoiaHR0cHM6XC9cL3N1a2FueWEuc3BhXC93cC1jb250ZW50XC91cGxvYWRzXC8yMDI1XC8xMFwvU3VrYW55YS1UaGFpLU1hc3NhZ2UtTXVlbmNoZW4tUGFya3BsYXR6LVdlZ2Jlc2NocmVpYnVuZy5hdmlmIn0%3D\">\n\t\t\t\t\t\t\t<img decoding=\"async\" width=\"236\" height=\"300\" src=\"https:\/\/sukanya.spa\/wp-content\/uploads\/2025\/10\/Sukanya-Thai-Massage-Muenchen-Parkplatz-Wegbeschreibung-236x300.avif\" class=\"attachment-medium size-medium wp-image-8010\" alt=\"Sukanya Thai Massage und Fu\u00dfpflege Parkplatz\" srcset=\"https:\/\/sukanya.spa\/wp-content\/uploads\/2025\/10\/Sukanya-Thai-Massage-Muenchen-Parkplatz-Wegbeschreibung-236x300.avif 236w, https:\/\/sukanya.spa\/wp-content\/uploads\/2025\/10\/Sukanya-Thai-Massage-Muenchen-Parkplatz-Wegbeschreibung-600x763.avif 600w, https:\/\/sukanya.spa\/wp-content\/uploads\/2025\/10\/Sukanya-Thai-Massage-Muenchen-Parkplatz-Wegbeschreibung.avif 658w\" sizes=\"(max-width: 236px) 100vw, 236px\" \/>\t\t\t\t\t\t\t\t<\/a>\n\t\t\t\t\t\t\t\t\t\t\t\t\t\t\t<\/div>\n\t\t\t\t<\/div>\n\t\t\t\t<\/div>\n\t\t\t\t\t<\/div>\n\t\t\t\t<\/div>\n\t\t<div class=\"elementor-element elementor-element-e72fa87 e-con-full e-flex e-con e-parent\" data-id=\"e72fa87\" data-element_type=\"container\" data-e-type=\"container\">\n\t\t\t\t<div class=\"elementor-element elementor-element-9bee590 elementor-widget elementor-widget-spacer\" data-id=\"9bee590\" data-element_type=\"widget\" data-e-type=\"widget\" data-widget_type=\"spacer.default\">\n\t\t\t\t<div class=\"elementor-widget-container\">\n\t\t\t\t\t\t\t<div class=\"elementor-spacer\">\n\t\t\t<div class=\"elementor-spacer-inner\"><\/div>\n\t\t<\/div>\n\t\t\t\t\t\t<\/div>\n\t\t\t\t<\/div>\n\t\t<div class=\"elementor-element elementor-element-2dc9f7b e-flex e-con-boxed e-con e-child\" data-id=\"2dc9f7b\" data-element_type=\"container\" data-e-type=\"container\">\n\t\t\t\t\t<div class=\"e-con-inner\">\n\t\t\t\t<div class=\"elementor-element elementor-element-f57104d elementor-widget elementor-widget-spacer\" data-id=\"f57104d\" data-element_type=\"widget\" data-e-type=\"widget\" data-widget_type=\"spacer.default\">\n\t\t\t\t<div class=\"elementor-widget-container\">\n\t\t\t\t\t\t\t<div class=\"elementor-spacer\">\n\t\t\t<div class=\"elementor-spacer-inner\"><\/div>\n\t\t<\/div>\n\t\t\t\t\t\t<\/div>\n\t\t\t\t<\/div>\n\t\t\t\t<div class=\"elementor-element elementor-element-e921704 elementor-widget elementor-widget-google_maps\" data-id=\"e921704\" data-element_type=\"widget\" data-e-type=\"widget\" id=\"map\" data-widget_type=\"google_maps.default\">\n\t\t\t\t<div class=\"elementor-widget-container\">\n\t\t\t\t\t\t\t<div class=\"elementor-custom-embed\">\n\t\t\t<iframe loading=\"lazy\"\n\t\t\t\t\tsrc=\"https:\/\/maps.google.com\/maps?q=Sukanya%20Thaimassage%20und%20Fu%C3%9Fpflege%2C%20Bruderm%C3%BChlstra%C3%9Fe%2048A%2C%2081371%20M%C3%BCnchen&#038;t=m&#038;z=16&#038;output=embed&#038;iwloc=near\"\n\t\t\t\t\ttitle=\"Sukanya Thaimassage und Fu\u00dfpflege, Bruderm\u00fchlstra\u00dfe 48A, 81371 M\u00fcnchen\"\n\t\t\t\t\taria-label=\"Sukanya Thaimassage und Fu\u00dfpflege, Bruderm\u00fchlstra\u00dfe 48A, 81371 M\u00fcnchen\"\n\t\t\t><\/iframe>\n\t\t<\/div>\n\t\t\t\t\t\t<\/div>\n\t\t\t\t<\/div>\n\t\t\t\t\t<\/div>\n\t\t\t\t<\/div>\n\t\t\t\t<\/div>\n\t\t\t\t<\/div>\n\t\t","protected":false},"excerpt":{"rendered":"<p>We are here for you Contact us Your direct line to us Write to us or call us Address &amp; opening hours Sukanya Thai massage and foot careBruderm\u00fchlstra\u00dfe 48A81371 Munich Phone: 089 37 03 2373 Tue.-Sun.: 10:00 a.m. &#8211; 8:00 p.m. Mon. &amp; public holidays: Closed Your way to Sukanya Thai Massage und Fu\u00dfpflege Free [&hellip;]<\/p>\n","protected":false},"author":1,"featured_media":0,"parent":0,"menu_order":0,"comment_status":"closed","ping_status":"closed","template":"","meta":{"_acf_changed":false,"site-sidebar-layout":"no-sidebar","site-content-layout":"page-builder","ast-site-content-layout":"full-width-container","site-content-style":"unboxed","site-sidebar-style":"unboxed","ast-global-header-display":"","ast-banner-title-visibility":"","ast-main-header-display":"","ast-hfb-above-header-display":"","ast-hfb-below-header-display":"","ast-hfb-mobile-header-display":"","site-post-title":"","ast-breadcrumbs-content":"","ast-featured-img":"disabled","footer-sml-layout":"","ast-disable-related-posts":"","theme-transparent-header-meta":"enabled","adv-header-id-meta":"","stick-header-meta":"default","header-above-stick-meta":"","header-main-stick-meta":"","header-below-stick-meta":"","astra-migrate-meta-layouts":"default","ast-page-background-enabled":"default","ast-page-background-meta":{"desktop":{"background-color":"","background-image":"","background-repeat":"repeat","background-position":"center center","background-size":"auto","background-attachment":"scroll","background-type":"","background-media":"","overlay-type":"","overlay-color":"","overlay-opacity":"","overlay-gradient":""},"tablet":{"background-color":"","background-image":"","background-repeat":"repeat","background-position":"center center","background-size":"auto","background-attachment":"scroll","background-type":"","background-media":"","overlay-type":"","overlay-color":"","overlay-opacity":"","overlay-gradient":""},"mobile":{"background-color":"","background-image":"","background-repeat":"repeat","background-position":"center center","background-size":"auto","background-attachment":"scroll","background-type":"","background-media":"","overlay-type":"","overlay-color":"","overlay-opacity":"","overlay-gradient":""}},"ast-content-background-meta":{"desktop":{"background-color":"var(--ast-global-color-5)","background-image":"","background-repeat":"repeat","background-position":"center center","background-size":"auto","background-attachment":"scroll","background-type":"","background-media":"","overlay-type":"","overlay-color":"","overlay-opacity":"","overlay-gradient":""},"tablet":{"background-color":"var(--ast-global-color-5)","background-image":"","background-repeat":"repeat","background-position":"center center","background-size":"auto","background-attachment":"scroll","background-type":"","background-media":"","overlay-type":"","overlay-color":"","overlay-opacity":"","overlay-gradient":""},"mobile":{"background-color":"var(--ast-global-color-5)","background-image":"","background-repeat":"repeat","background-position":"center center","background-size":"auto","background-attachment":"scroll","background-type":"","background-media":"","overlay-type":"","overlay-color":"","overlay-opacity":"","overlay-gradient":""}},"footnotes":""},"class_list":["post-5490","page","type-page","status-publish","hentry"],"acf":[],"_links":{"self":[{"href":"https:\/\/sukanya.spa\/en\/wp-json\/wp\/v2\/pages\/5490","targetHints":{"allow":["GET"]}}],"collection":[{"href":"https:\/\/sukanya.spa\/en\/wp-json\/wp\/v2\/pages"}],"about":[{"href":"https:\/\/sukanya.spa\/en\/wp-json\/wp\/v2\/types\/page"}],"author":[{"embeddable":true,"href":"https:\/\/sukanya.spa\/en\/wp-json\/wp\/v2\/users\/1"}],"replies":[{"embeddable":true,"href":"https:\/\/sukanya.spa\/en\/wp-json\/wp\/v2\/comments?post=5490"}],"version-history":[{"count":30,"href":"https:\/\/sukanya.spa\/en\/wp-json\/wp\/v2\/pages\/5490\/revisions"}],"predecessor-version":[{"id":10165,"href":"https:\/\/sukanya.spa\/en\/wp-json\/wp\/v2\/pages\/5490\/revisions\/10165"}],"wp:attachment":[{"href":"https:\/\/sukanya.spa\/en\/wp-json\/wp\/v2\/media?parent=5490"}],"curies":[{"name":"wp","href":"https:\/\/api.w.org\/{rel}","templated":true}]}}