{"id":10158,"date":"2026-04-09T18:36:12","date_gmt":"2026-04-09T16:36:12","guid":{"rendered":"https:\/\/sukanya.spa\/winner-of-the-hipe-award-sukanya-thai-massage-und-fusspflege-in-munich\/"},"modified":"2026-04-12T14:04:31","modified_gmt":"2026-04-12T12:04:31","slug":"winner-of-the-hipe-award-sukanya-thai-massage-und-fusspflege-in-munich","status":"publish","type":"page","link":"https:\/\/sukanya.spa\/en\/winner-of-the-hipe-award-sukanya-thai-massage-und-fusspflege-in-munich\/","title":{"rendered":"Winner of the Hipe Award \u2013 Sukanya Thai Massage und Fu\u00dfpflege in Munich"},"content":{"rendered":"\t\t<div data-elementor-type=\"wp-page\" data-elementor-id=\"10158\" class=\"elementor elementor-10158 elementor-9978\" data-elementor-post-type=\"page\">\n\t\t\t\t<div class=\"elementor-element elementor-element-6124ea7 e-flex e-con-boxed e-con e-parent\" data-id=\"6124ea7\" data-element_type=\"container\" data-e-type=\"container\">\n\t\t\t\t\t<div class=\"e-con-inner\">\n\t\t\t\t<div class=\"elementor-element elementor-element-7e9cfde elementor-widget elementor-widget-spacer\" data-id=\"7e9cfde\" data-element_type=\"widget\" data-e-type=\"widget\" data-widget_type=\"spacer.default\">\n\t\t\t\t<div class=\"elementor-widget-container\">\n\t\t\t\t\t\t\t<div class=\"elementor-spacer\">\n\t\t\t<div class=\"elementor-spacer-inner\"><\/div>\n\t\t<\/div>\n\t\t\t\t\t\t<\/div>\n\t\t\t\t<\/div>\n\t\t\t\t<div class=\"elementor-element elementor-element-f6b7059 elementor-widget elementor-widget-heading\" data-id=\"f6b7059\" data-element_type=\"widget\" data-e-type=\"widget\" data-widget_type=\"heading.default\">\n\t\t\t\t<div class=\"elementor-widget-container\">\n\t\t\t\t\t<h1 class=\"elementor-heading-title elementor-size-default\">We have received an award <\/h1>\t\t\t\t<\/div>\n\t\t\t\t<\/div>\n\t\t\t\t\t<\/div>\n\t\t\t\t<\/div>\n\t\t<div class=\"elementor-element elementor-element-63c7a3e e-flex e-con-boxed e-con e-parent\" data-id=\"63c7a3e\" data-element_type=\"container\" data-e-type=\"container\">\n\t\t\t\t\t<div class=\"e-con-inner\">\n\t\t\t\t<div class=\"elementor-element elementor-element-f5e934d elementor-widget elementor-widget-heading\" data-id=\"f5e934d\" data-element_type=\"widget\" data-e-type=\"widget\" data-widget_type=\"heading.default\">\n\t\t\t\t<div class=\"elementor-widget-container\">\n\t\t\t\t\t<h2 class=\"elementor-heading-title elementor-size-default\">Hipe Award 2026<\/h2>\t\t\t\t<\/div>\n\t\t\t\t<\/div>\n\t\t\t\t\t<\/div>\n\t\t\t\t<\/div>\n\t\t<div class=\"elementor-element elementor-element-7472606 e-grid e-con-boxed e-con e-parent\" data-id=\"7472606\" data-element_type=\"container\" data-e-type=\"container\">\n\t\t\t\t\t<div class=\"e-con-inner\">\n\t\t\t\t<div class=\"elementor-element elementor-element-48e5d4a elementor-widget elementor-widget-image\" data-id=\"48e5d4a\" data-element_type=\"widget\" data-e-type=\"widget\" data-widget_type=\"image.default\">\n\t\t\t\t<div class=\"elementor-widget-container\">\n\t\t\t\t\t\t\t\t\t\t\t\t\t\t\t<img fetchpriority=\"high\" decoding=\"async\" width=\"749\" height=\"531\" src=\"https:\/\/sukanya.spa\/wp-content\/uploads\/2026\/01\/2026_HIPE-AWARD_Pruefsiegel.svg\" class=\"attachment-medium_large size-medium_large wp-image-9296\" alt=\"HIPE Award Pr\u00fcfsiegel \u2013 Sukanya Thai Massage &amp; Fu\u00dfpflege M\u00fcnchen\" \/>\t\t\t\t\t\t\t\t\t\t\t\t\t\t\t<\/div>\n\t\t\t\t<\/div>\n\t\t\t\t<div class=\"elementor-element elementor-element-31639e8 elementor-widget elementor-widget-text-editor\" data-id=\"31639e8\" data-element_type=\"widget\" data-e-type=\"widget\" data-widget_type=\"text-editor.default\">\n\t\t\t\t<div class=\"elementor-widget-container\">\n\t\t\t\t\t\t\t\t\t<p data-start=\"258\" data-end=\"561\">For us, the HIPE Award is far more than just a title or a logo. It stands for genuine quality, trust and consistently high standards in everything we do.<br data-start=\"419\" data-end=\"422\">This award is not simply handed out \u2013 it is based on a thorough assessment of service, customer satisfaction and overall performance. <\/p><p data-start=\"563\" data-end=\"871\">We are therefore all the more delighted that Sukanya Thai Massage &amp; Fu\u00dfpflege has been honoured with the HIPE Award.<\/p><p data-start=\"563\" data-end=\"871\"><br data-start=\"666\" data-end=\"669\">For us, this is not only a testament to our work, but also a promise to you: with us, you can count on the highest quality, professional treatments and genuine relaxation.<\/p>\t\t\t\t\t\t\t\t<\/div>\n\t\t\t\t<\/div>\n\t\t\t\t\t<\/div>\n\t\t\t\t<\/div>\n\t\t<div class=\"elementor-element elementor-element-44aa37b e-flex e-con-boxed e-con e-parent\" data-id=\"44aa37b\" data-element_type=\"container\" data-e-type=\"container\">\n\t\t\t\t\t<div class=\"e-con-inner\">\n\t\t\t\t<div class=\"elementor-element elementor-element-a8e8330 elementor-widget elementor-widget-html\" data-id=\"a8e8330\" data-element_type=\"widget\" data-e-type=\"widget\" data-widget_type=\"html.default\">\n\t\t\t\t<div class=\"elementor-widget-container\">\n\t\t\t\t\t<div class=\"award-score-wrapper\">\r\n  <div class=\"award-score-grid\">\r\n    \r\n    <div class=\"award-score-item\">\r\n      <div class=\"award-score-number\">1.3<\/div>\r\n      <div class=\"award-score-label\">Expertise &amp; Education<\/div>\r\n    <\/div>\r\n\r\n    <div class=\"award-score-item award-score-item-featured\">\r\n      <div class=\"award-score-number\">1.0<\/div>\r\n      <div class=\"award-score-label\">reliability<\/div>\r\n    <\/div>\r\n\r\n    <div class=\"award-score-item\">\r\n      <div class=\"award-score-number\">1.0<\/div>\r\n      <div class=\"award-score-label\">customer satisfaction<\/div>\r\n    <\/div>\r\n\r\n  <\/div>\r\n<\/div>\t\t\t\t<\/div>\n\t\t\t\t<\/div>\n\t\t\t\t\t<\/div>\n\t\t\t\t<\/div>\n\t\t<div class=\"elementor-element elementor-element-8ca5c3c e-flex e-con-boxed e-con e-parent\" data-id=\"8ca5c3c\" data-element_type=\"container\" data-e-type=\"container\">\n\t\t\t\t\t<div class=\"e-con-inner\">\n\t\t\t\t<div class=\"elementor-element elementor-element-fb73c5f elementor-widget elementor-widget-spacer\" data-id=\"fb73c5f\" data-element_type=\"widget\" data-e-type=\"widget\" data-widget_type=\"spacer.default\">\n\t\t\t\t<div class=\"elementor-widget-container\">\n\t\t\t\t\t\t\t<div class=\"elementor-spacer\">\n\t\t\t<div class=\"elementor-spacer-inner\"><\/div>\n\t\t<\/div>\n\t\t\t\t\t\t<\/div>\n\t\t\t\t<\/div>\n\t\t\t\t<div class=\"elementor-element elementor-element-d9a5c17 elementor-widget elementor-widget-heading\" data-id=\"d9a5c17\" data-element_type=\"widget\" data-e-type=\"widget\" data-widget_type=\"heading.default\">\n\t\t\t\t<div class=\"elementor-widget-container\">\n\t\t\t\t\t<h2 class=\"elementor-heading-title elementor-size-default\">This award is not given out lightly<\/h2>\t\t\t\t<\/div>\n\t\t\t\t<\/div>\n\t\t\t\t\t<\/div>\n\t\t\t\t<\/div>\n\t\t<div class=\"elementor-element elementor-element-b5e301e e-flex e-con-boxed e-con e-parent\" data-id=\"b5e301e\" data-element_type=\"container\" data-e-type=\"container\">\n\t\t\t\t\t<div class=\"e-con-inner\">\n\t\t\t\t<div class=\"elementor-element elementor-element-3814063 elementor-widget elementor-widget-text-editor\" data-id=\"3814063\" data-element_type=\"widget\" data-e-type=\"widget\" data-widget_type=\"text-editor.default\">\n\t\t\t\t<div class=\"elementor-widget-container\">\n\t\t\t\t\t\t\t\t\t<p>This award confirms the high quality of our Thai massage and foot care services in Munich.<\/p>\t\t\t\t\t\t\t\t<\/div>\n\t\t\t\t<\/div>\n\t\t\t\t\t<\/div>\n\t\t\t\t<\/div>\n\t\t<div class=\"elementor-element elementor-element-27b7880 e-grid e-con-boxed e-con e-parent\" data-id=\"27b7880\" data-element_type=\"container\" data-e-type=\"container\">\n\t\t\t\t\t<div class=\"e-con-inner\">\n\t\t\t\t<div class=\"elementor-element elementor-element-2b6ca23 elementor-widget elementor-widget-image\" data-id=\"2b6ca23\" data-element_type=\"widget\" data-e-type=\"widget\" data-widget_type=\"image.default\">\n\t\t\t\t<div class=\"elementor-widget-container\">\n\t\t\t\t\t\t\t\t\t\t\t\t\t\t\t\t<a href=\"https:\/\/sukanya.spa\/wp-content\/uploads\/2026\/04\/hipe-award-thai-massage-muenchen-sukanya.jpg.avif\" data-elementor-open-lightbox=\"yes\" data-elementor-lightbox-title=\"hipe-award-thai-massage-muenchen-sukanya.jpg\" data-elementor-lightbox-description=\"Sukanya Thai Massage &amp; Fu\u00dfpflege in M\u00fcnchen wurde mit dem HIPE Award ausgezeichnet. Das Zertifikat steht f\u00fcr gepr\u00fcfte Qualit\u00e4t, hohe Kundenzufriedenheit und professionelle Behandlungen. Genie\u00dfe entspannende Thai Massagen und sorgf\u00e4ltige Fu\u00dfpflege auf ausgezeichnetem Niveau.\" data-e-action-hash=\"#elementor-action%3Aaction%3Dlightbox%26settings%3DeyJpZCI6MTAwMjQsInVybCI6Imh0dHBzOlwvXC9zdWthbnlhLnNwYVwvd3AtY29udGVudFwvdXBsb2Fkc1wvMjAyNlwvMDRcL2hpcGUtYXdhcmQtdGhhaS1tYXNzYWdlLW11ZW5jaGVuLXN1a2FueWEuanBnLmF2aWYifQ%3D%3D\">\n\t\t\t\t\t\t\t<img decoding=\"async\" src=\"https:\/\/sukanya.spa\/wp-content\/uploads\/elementor\/thumbs\/hipe-award-thai-massage-muenchen-sukanya.jpg-rlo32fa3l7k5lshwkbxs4ga0vbvybiz2ggboyjn8cg.avif\" title=\"hipe-award-thai-massage-muenchen-sukanya.jpg\" alt=\"HIPE Award Zertifikat Sukanya Spa M\u00fcnchen Thai Massage &amp; Fu\u00dfpflege\" loading=\"lazy\" \/>\t\t\t\t\t\t\t\t<\/a>\n\t\t\t\t\t\t\t\t\t\t\t\t\t\t\t<\/div>\n\t\t\t\t<\/div>\n\t\t\t\t<div class=\"elementor-element elementor-element-e12c59a elementor-widget elementor-widget-text-editor\" data-id=\"e12c59a\" data-element_type=\"widget\" data-e-type=\"widget\" data-widget_type=\"text-editor.default\">\n\t\t\t\t<div class=\"elementor-widget-container\">\n\t\t\t\t\t\t\t\t\t<p data-start=\"250\" data-end=\"643\"> <\/p><p data-start=\"250\" data-end=\"643\">Over a period of several weeks, Sukanya Thai Massage &amp; Fu\u00dfpflege in Munich underwent a comprehensive assessment. The focus was primarily on the quality of our treatments, our service, customer satisfaction and the overall sense of well-being.<br data-start=\"486\" data-end=\"489\">Customer feedback, independent reviews and an analysis of our services and procedures were incorporated into a transparent and objective evaluation system. <\/p><p data-start=\"645\" data-end=\"776\">The result speaks for itself:<\/p><p data-start=\"645\" data-end=\"776\"><br data-start=\"675\" data-end=\"678\"><strong>Overall rating: 1.5<\/strong><br data-start=\"697\" data-end=\"700\">Top ratings for customer satisfaction, expertise and reliability: 1.0<\/p><p data-start=\"778\" data-end=\"804\"><strong>What does that mean for you?<\/strong><\/p><p data-start=\"806\" data-end=\"1145\">You\u2019ll find that we offer more than just a traditional Thai massage in Munich.<br data-start=\"884\" data-end=\"887\">We place great importance on personalised care, professional treatments and an atmosphere where you can truly unwind. Many of our clients particularly appreciate the combination of relaxation, attention to detail and personalised service. <\/p><p data-start=\"1147\" data-end=\"1383\">For us, this award is not the end goal, but rather a testament to the standards we set for ourselves every day.<br data-start=\"1246\" data-end=\"1249\">We aim to offer you the very best quality on every visit \u2013 drawing on our experience and attention to detail, with the aim of ensuring you feel completely at ease.<\/p>\t\t\t\t\t\t\t\t<\/div>\n\t\t\t\t<\/div>\n\t\t\t\t\t<\/div>\n\t\t\t\t<\/div>\n\t\t<div class=\"elementor-element elementor-element-99d3d36 e-flex e-con-boxed e-con e-parent\" data-id=\"99d3d36\" data-element_type=\"container\" data-e-type=\"container\">\n\t\t\t\t\t<div class=\"e-con-inner\">\n\t\t\t\t<div class=\"elementor-element elementor-element-9bef922 elementor-widget elementor-widget-spacer\" data-id=\"9bef922\" data-element_type=\"widget\" data-e-type=\"widget\" data-widget_type=\"spacer.default\">\n\t\t\t\t<div class=\"elementor-widget-container\">\n\t\t\t\t\t\t\t<div class=\"elementor-spacer\">\n\t\t\t<div class=\"elementor-spacer-inner\"><\/div>\n\t\t<\/div>\n\t\t\t\t\t\t<\/div>\n\t\t\t\t<\/div>\n\t\t\t\t\t<\/div>\n\t\t\t\t<\/div>\n\t\t<div class=\"elementor-element elementor-element-da45a8b e-grid e-con-boxed e-con e-parent\" data-id=\"da45a8b\" data-element_type=\"container\" data-e-type=\"container\">\n\t\t\t\t\t<div class=\"e-con-inner\">\n\t\t\t\t<div class=\"elementor-element elementor-element-3135e75 elementor-widget elementor-widget-text-editor\" data-id=\"3135e75\" data-element_type=\"widget\" data-e-type=\"widget\" data-widget_type=\"text-editor.default\">\n\t\t\t\t<div class=\"elementor-widget-container\">\n\t\t\t\t\t\t\t\t\t<p data-start=\"236\" data-end=\"471\">We take the time to look after you. We listen to you and cater to your individual needs.<br data-start=\"329\" data-end=\"332\">Because at Sukanya Thai Massage &amp; Fu\u00dfpflege in Munich, the focus isn\u2019t just on the treatment itself, but on your personal well-being. <\/p><p data-start=\"473\" data-end=\"752\">Every massage and every pedicure is carried out with care, expertise and a commitment to high standards. Rather than following standardised procedures, we focus on personalised treatments tailored specifically to you \u2013 for deep relaxation and a lasting sense of well-being. <\/p><p data-start=\"473\" data-end=\"752\"> <\/p><p data-start=\"786\" data-end=\"842\"><strong data-start=\"786\" data-end=\"842\">An award reflects what lies behind it<\/strong><\/p><p data-start=\"844\" data-end=\"1098\">The HIPE Award is a special recognition of our day-to-day work.<br data-start=\"923\" data-end=\"926\">It shows that our commitment to quality, service and customer satisfaction is not only appreciated by our customers, but has also been objectively recognised.<\/p><p data-start=\"844\" data-end=\"1098\"> <\/p><p data-start=\"844\" data-end=\"1098\">For us, this award is not an end in itself, but a source of motivation.<br data-start=\"1204\" data-end=\"1207\">We want to continue offering you an experience with every Thai massage and foot care treatment in Munich that leaves you feeling completely at ease \u2013 with genuine care, professional treatments and great attention to detail.<\/p>\t\t\t\t\t\t\t\t<\/div>\n\t\t\t\t<\/div>\n\t\t\t\t<div class=\"elementor-element elementor-element-85141b0 elementor-widget elementor-widget-image\" data-id=\"85141b0\" data-element_type=\"widget\" data-e-type=\"widget\" data-widget_type=\"image.default\">\n\t\t\t\t<div class=\"elementor-widget-container\">\n\t\t\t\t\t\t\t\t\t\t\t\t\t\t\t\t<a href=\"https:\/\/sukanya.spa\/wp-content\/uploads\/2026\/04\/hipe-award-2026-thai-massage-muenchen-sukanya.jpg.avif\" data-elementor-open-lightbox=\"yes\" data-elementor-lightbox-title=\"hipe-award-2026-thai-massage-muenchen-sukanya.jpg\" data-elementor-lightbox-description=\"Sukanya Thai Massage &amp; Fu\u00dfpflege in M\u00fcnchen wurde mit dem HIPE Award 2026 ausgezeichnet. Der High Performance Award best\u00e4tigt h\u00f6chste Qualit\u00e4t, professionelle Behandlungen und eine besonders hohe Kundenzufriedenheit im Bereich Thai Massage und Fu\u00dfpflege.\" data-e-action-hash=\"#elementor-action%3Aaction%3Dlightbox%26settings%3DeyJpZCI6MTAwMjksInVybCI6Imh0dHBzOlwvXC9zdWthbnlhLnNwYVwvd3AtY29udGVudFwvdXBsb2Fkc1wvMjAyNlwvMDRcL2hpcGUtYXdhcmQtMjAyNi10aGFpLW1hc3NhZ2UtbXVlbmNoZW4tc3VrYW55YS5qcGcuYXZpZiJ9\">\n\t\t\t\t\t\t\t<img decoding=\"async\" src=\"https:\/\/sukanya.spa\/wp-content\/uploads\/elementor\/thumbs\/hipe-award-2026-thai-massage-muenchen-sukanya.jpg-rlo41froltukw6qdjdz7zqvrb3duay7y958gln5i4g.avif\" title=\"hipe-award-2026-thai-massage-muenchen-sukanya.jpg\" alt=\"HIPE Award 2026 f\u00fcr Sukanya Thai Massage &amp; Fu\u00dfpflege M\u00fcnchen \u2013 ausgezeichnete Qualit\u00e4t und Kundenzufriedenheit\" loading=\"lazy\" \/>\t\t\t\t\t\t\t\t<\/a>\n\t\t\t\t\t\t\t\t\t\t\t\t\t\t\t<\/div>\n\t\t\t\t<\/div>\n\t\t\t\t\t<\/div>\n\t\t\t\t<\/div>\n\t\t<div class=\"elementor-element elementor-element-a6dc887 e-flex e-con-boxed e-con e-parent\" data-id=\"a6dc887\" data-element_type=\"container\" data-e-type=\"container\">\n\t\t\t\t\t<div class=\"e-con-inner\">\n\t\t\t\t<div class=\"elementor-element elementor-element-b5fee25 elementor-widget elementor-widget-spacer\" data-id=\"b5fee25\" data-element_type=\"widget\" data-e-type=\"widget\" data-widget_type=\"spacer.default\">\n\t\t\t\t<div class=\"elementor-widget-container\">\n\t\t\t\t\t\t\t<div class=\"elementor-spacer\">\n\t\t\t<div class=\"elementor-spacer-inner\"><\/div>\n\t\t<\/div>\n\t\t\t\t\t\t<\/div>\n\t\t\t\t<\/div>\n\t\t\t\t\t<\/div>\n\t\t\t\t<\/div>\n\t\t<div class=\"elementor-element elementor-element-2cfbffd e-flex e-con-boxed e-con e-parent\" data-id=\"2cfbffd\" data-element_type=\"container\" data-e-type=\"container\">\n\t\t\t\t\t<div class=\"e-con-inner\">\n\t\t\t\t<div class=\"elementor-element elementor-element-1f8d15b elementor-widget elementor-widget-html\" data-id=\"1f8d15b\" data-element_type=\"widget\" data-e-type=\"widget\" data-widget_type=\"html.default\">\n\t\t\t\t<div class=\"elementor-widget-container\">\n\t\t\t\t\t<div class=\"award-thank-you\">\r\n  <strong>Thank you for your trust<\/strong>\r\n<span>and for joining us on this journey.\r\nWe look forward to welcoming you back.<\/span>\r\n  \r\n<\/div>\t\t\t\t<\/div>\n\t\t\t\t<\/div>\n\t\t\t\t\t<\/div>\n\t\t\t\t<\/div>\n\t\t<div class=\"elementor-element elementor-element-026f86a e-flex e-con-boxed e-con e-parent\" data-id=\"026f86a\" data-element_type=\"container\" data-e-type=\"container\">\n\t\t\t\t\t<div class=\"e-con-inner\">\n\t\t\t\t<div class=\"elementor-element elementor-element-51ad8cf elementor-widget elementor-widget-html\" data-id=\"51ad8cf\" data-element_type=\"widget\" data-e-type=\"widget\" data-widget_type=\"html.default\">\n\t\t\t\t<div class=\"elementor-widget-container\">\n\t\t\t\t\t<div class=\"award-cta-section\">\r\n  <div class=\"award-cta-inner\">\r\n\r\n    <p class=\"award-cta-text\">\r\n Experience the ultimate in relaxation in Munich\r\n    <\/p>\r\n\r\n    <div class=\"award-cta-buttons\">\r\n       \r\n<a href=\"https:\/\/connect.shore.com\/bookings\/sukanya-thai-massage-und-fusspflege\/services?locale=de\" class=\"award-cta-button primary\" target=\"_blank\" rel=\"noopener noreferrer\">Book an appointment now<\/a>\r\n \r\n<a href=\"https:\/\/sukanya.spa\/en\/contact-us\/\" class=\"award-cta-button secondary\">Get in touch<\/a>\r\n  \r\n    <\/div>\r\n\r\n  <\/div>\r\n<\/div>\t\t\t\t<\/div>\n\t\t\t\t<\/div>\n\t\t\t\t\t<\/div>\n\t\t\t\t<\/div>\n\t\t\t\t<\/div>\n\t\t","protected":false},"excerpt":{"rendered":"<p>We have received an award Hipe Award 2026 For us, the HIPE Award is far more than just a title or a logo. It stands for genuine quality, trust and consistently high standards in everything we do.This award is not simply handed out \u2013 it is based on a thorough assessment of service, customer satisfaction [&hellip;]<\/p>\n","protected":false},"author":4,"featured_media":0,"parent":0,"menu_order":0,"comment_status":"closed","ping_status":"closed","template":"","meta":{"_acf_changed":false,"site-sidebar-layout":"no-sidebar","site-content-layout":"page-builder","ast-site-content-layout":"full-width-container","site-content-style":"default","site-sidebar-style":"default","ast-global-header-display":"","ast-banner-title-visibility":"","ast-main-header-display":"","ast-hfb-above-header-display":"","ast-hfb-below-header-display":"","ast-hfb-mobile-header-display":"","site-post-title":"disabled","ast-breadcrumbs-content":"","ast-featured-img":"disabled","footer-sml-layout":"","ast-disable-related-posts":"","theme-transparent-header-meta":"default","adv-header-id-meta":"","stick-header-meta":"default","header-above-stick-meta":"","header-main-stick-meta":"","header-below-stick-meta":"","astra-migrate-meta-layouts":"default","ast-page-background-enabled":"default","ast-page-background-meta":{"desktop":{"background-color":"","background-image":"","background-repeat":"repeat","background-position":"center center","background-size":"auto","background-attachment":"scroll","background-type":"","background-media":"","overlay-type":"","overlay-color":"","overlay-opacity":"","overlay-gradient":""},"tablet":{"background-color":"","background-image":"","background-repeat":"repeat","background-position":"center center","background-size":"auto","background-attachment":"scroll","background-type":"","background-media":"","overlay-type":"","overlay-color":"","overlay-opacity":"","overlay-gradient":""},"mobile":{"background-color":"","background-image":"","background-repeat":"repeat","background-position":"center center","background-size":"auto","background-attachment":"scroll","background-type":"","background-media":"","overlay-type":"","overlay-color":"","overlay-opacity":"","overlay-gradient":""}},"ast-content-background-meta":{"desktop":{"background-color":"var(--ast-global-color-5)","background-image":"","background-repeat":"repeat","background-position":"center center","background-size":"auto","background-attachment":"scroll","background-type":"","background-media":"","overlay-type":"","overlay-color":"","overlay-opacity":"","overlay-gradient":""},"tablet":{"background-color":"var(--ast-global-color-5)","background-image":"","background-repeat":"repeat","background-position":"center center","background-size":"auto","background-attachment":"scroll","background-type":"","background-media":"","overlay-type":"","overlay-color":"","overlay-opacity":"","overlay-gradient":""},"mobile":{"background-color":"var(--ast-global-color-5)","background-image":"","background-repeat":"repeat","background-position":"center center","background-size":"auto","background-attachment":"scroll","background-type":"","background-media":"","overlay-type":"","overlay-color":"","overlay-opacity":"","overlay-gradient":""}},"footnotes":""},"class_list":["post-10158","page","type-page","status-publish","hentry"],"acf":[],"_links":{"self":[{"href":"https:\/\/sukanya.spa\/en\/wp-json\/wp\/v2\/pages\/10158","targetHints":{"allow":["GET"]}}],"collection":[{"href":"https:\/\/sukanya.spa\/en\/wp-json\/wp\/v2\/pages"}],"about":[{"href":"https:\/\/sukanya.spa\/en\/wp-json\/wp\/v2\/types\/page"}],"author":[{"embeddable":true,"href":"https:\/\/sukanya.spa\/en\/wp-json\/wp\/v2\/users\/4"}],"replies":[{"embeddable":true,"href":"https:\/\/sukanya.spa\/en\/wp-json\/wp\/v2\/comments?post=10158"}],"version-history":[{"count":3,"href":"https:\/\/sukanya.spa\/en\/wp-json\/wp\/v2\/pages\/10158\/revisions"}],"predecessor-version":[{"id":10161,"href":"https:\/\/sukanya.spa\/en\/wp-json\/wp\/v2\/pages\/10158\/revisions\/10161"}],"wp:attachment":[{"href":"https:\/\/sukanya.spa\/en\/wp-json\/wp\/v2\/media?parent=10158"}],"curies":[{"name":"wp","href":"https:\/\/api.w.org\/{rel}","templated":true}]}}